{"id":97,"date":"2019-01-26T21:31:02","date_gmt":"2019-01-26T23:31:02","guid":{"rendered":"http:\/\/maezano.com.br\/blog\/?page_id=97"},"modified":"2019-01-26T21:32:11","modified_gmt":"2019-01-26T23:32:11","slug":"sobre","status":"publish","type":"page","link":"https:\/\/maezano.com.br\/blog\/sobre\/","title":{"rendered":"Sobre"},"content":{"rendered":"\t\t<div data-elementor-type=\"wp-post\" data-elementor-id=\"97\" class=\"elementor elementor-97 elementor-bc-flex-widget\" data-elementor-settings=\"[]\">\n\t\t\t\t\t\t<div class=\"elementor-inner\">\n\t\t\t\t\t\t\t<div class=\"elementor-section-wrap\">\n\t\t\t\t\t\t\t<section class=\"elementor-section elementor-top-section elementor-element elementor-element-3b7bc4a9 elementor-section-boxed elementor-section-height-default elementor-section-height-default\" data-id=\"3b7bc4a9\" data-element_type=\"section\">\n\t\t\t\t\t\t<div class=\"elementor-container elementor-column-gap-default\">\n\t\t\t\t\t\t\t<div class=\"elementor-row\">\n\t\t\t\t\t<div class=\"elementor-column elementor-col-100 elementor-top-column elementor-element elementor-element-23e16403\" data-id=\"23e16403\" data-element_type=\"column\">\n\t\t\t<div class=\"elementor-column-wrap elementor-element-populated\">\n\t\t\t\t\t\t\t<div class=\"elementor-widget-wrap\">\n\t\t\t\t\t\t<div class=\"elementor-element elementor-element-43de32bf elementor-widget elementor-widget-text-editor\" data-id=\"43de32bf\" data-element_type=\"widget\" data-widget_type=\"text-editor.default\">\n\t\t\t\t<div class=\"elementor-widget-container\">\n\t\t\t\t\t<div class=\"elementor-text-editor elementor-clearfix\"><p><!-- wp:heading {\"level\":4} --><\/p>\n<h4><strong>herbert maezano:<\/strong><\/h4>\n<p><!-- \/wp:heading --><\/p>\n<p><!-- wp:paragraph --><\/p>\n<p>Engenheiro Civil, Bacharel em Administra\u00e7\u00e3o de Empresas.<\/p>\n<p><!-- \/wp:paragraph --><\/p>\n<p><!-- wp:paragraph --><\/p>\n<p>Trabalhou em v\u00e1rias empresas de C\u00e1lculo Estrutural na \u00e1rea de concreto armado. Atuou durante 17 anos no Suporte da TQS, tendo um \u00f3timo conhecimento do Software.<\/p>\n<p><!-- \/wp:paragraph --><\/p>\n<p><!-- wp:paragraph --><\/p>\n<p>Atualmente ministra Cursos, Palestras, Treinamentos e consultorias na utiliza\u00e7\u00e3o do TQS e tamb\u00e9m em c\u00e1lculo estrutural, atrav\u00e9s da empresa Maezano Cursos e Treinamentos.<\/p>\n<p>\u00a0<\/p>\n<p><!-- \/wp:paragraph --><\/p>\n<p><!-- wp:image --><\/p>\n<figure class=\"wp-block-image\"><img src=\"https:\/\/www.maezano.com.br\/gallery_gen\/e8ef1d74848247a202c40ab631afd94f_101.63636363636x122.jpeg\" alt=\"gallery\/foto\" \/><\/figure>\n<p><!-- \/wp:image --><\/p><\/div>\n\t\t\t\t<\/div>\n\t\t\t\t<\/div>\n\t\t\t\t\t\t<\/div>\n\t\t\t\t\t<\/div>\n\t\t<\/div>\n\t\t\t\t\t\t\t\t<\/div>\n\t\t\t\t\t<\/div>\n\t\t<\/section>\n\t\t\t\t\t\t<\/div>\n\t\t\t\t\t\t<\/div>\n\t\t\t\t\t<\/div>\n\t\t","protected":false},"excerpt":{"rendered":"<p>herbert maezano: Engenheiro Civil, Bacharel em Administra\u00e7\u00e3o de Empresas. Trabalhou em v\u00e1rias empresas de C\u00e1lculo Estrutural na \u00e1rea de concreto armado. Atuou durante 17 anos no Suporte da TQS, tendo um \u00f3timo conhecimento do Software. Atualmente ministra Cursos, Palestras, Treinamentos e consultorias na utiliza\u00e7\u00e3o do TQS e tamb\u00e9m em c\u00e1lculo estrutural, atrav\u00e9s da empresa Maezano&#8230;<\/p>\n","protected":false},"author":1,"featured_media":0,"parent":0,"menu_order":0,"comment_status":"closed","ping_status":"closed","template":"","meta":[],"yoast_head":"<!-- This site is optimized with the Yoast SEO plugin v15.2.1 - https:\/\/yoast.com\/wordpress\/plugins\/seo\/ -->\n<title>Sobre - Blog do herbert<\/title>\n<meta name=\"robots\" content=\"index, follow, max-snippet:-1, max-image-preview:large, max-video-preview:-1\" \/>\n<link rel=\"canonical\" href=\"https:\/\/maezano.com.br\/blog\/sobre\/\" \/>\n<meta property=\"og:locale\" content=\"pt_PT\" \/>\n<meta property=\"og:type\" content=\"article\" \/>\n<meta property=\"og:title\" content=\"Sobre - Blog do herbert\" \/>\n<meta property=\"og:description\" content=\"herbert maezano: Engenheiro Civil, Bacharel em Administra\u00e7\u00e3o de Empresas. Trabalhou em v\u00e1rias empresas de C\u00e1lculo Estrutural na \u00e1rea de concreto armado. Atuou durante 17 anos no Suporte da TQS, tendo um \u00f3timo conhecimento do Software. Atualmente ministra Cursos, Palestras, Treinamentos e consultorias na utiliza\u00e7\u00e3o do TQS e tamb\u00e9m em c\u00e1lculo estrutural, atrav\u00e9s da empresa Maezano...\" \/>\n<meta property=\"og:url\" content=\"https:\/\/maezano.com.br\/blog\/sobre\/\" \/>\n<meta property=\"og:site_name\" content=\"Blog do herbert\" \/>\n<meta property=\"article:modified_time\" content=\"2019-01-26T23:32:11+00:00\" \/>\n<meta property=\"og:image\" content=\"https:\/\/www.maezano.com.br\/gallery_gen\/e8ef1d74848247a202c40ab631afd94f_101.63636363636x122.jpeg\" \/>\n<meta name=\"twitter:card\" content=\"summary_large_image\" \/>\n<meta name=\"twitter:label1\" content=\"Written by\">\n\t<meta name=\"twitter:data1\" content=\"herbert\">\n\t<meta name=\"twitter:label2\" content=\"Est. reading time\">\n\t<meta name=\"twitter:data2\" content=\"0 minutos\">\n<script type=\"application\/ld+json\" class=\"yoast-schema-graph\">{\"@context\":\"https:\/\/schema.org\",\"@graph\":[{\"@type\":\"WebSite\",\"@id\":\"https:\/\/maezano.com.br\/blog\/#website\",\"url\":\"https:\/\/maezano.com.br\/blog\/\",\"name\":\"Blog do herbert\",\"description\":\"Dicas e Truques\",\"potentialAction\":[{\"@type\":\"SearchAction\",\"target\":\"https:\/\/maezano.com.br\/blog\/?s={search_term_string}\",\"query-input\":\"required name=search_term_string\"}],\"inLanguage\":\"pt-PT\"},{\"@type\":\"ImageObject\",\"@id\":\"https:\/\/maezano.com.br\/blog\/sobre\/#primaryimage\",\"inLanguage\":\"pt-PT\",\"url\":\"https:\/\/www.maezano.com.br\/gallery_gen\/e8ef1d74848247a202c40ab631afd94f_101.63636363636x122.jpeg\"},{\"@type\":\"WebPage\",\"@id\":\"https:\/\/maezano.com.br\/blog\/sobre\/#webpage\",\"url\":\"https:\/\/maezano.com.br\/blog\/sobre\/\",\"name\":\"Sobre - Blog do herbert\",\"isPartOf\":{\"@id\":\"https:\/\/maezano.com.br\/blog\/#website\"},\"primaryImageOfPage\":{\"@id\":\"https:\/\/maezano.com.br\/blog\/sobre\/#primaryimage\"},\"datePublished\":\"2019-01-26T23:31:02+00:00\",\"dateModified\":\"2019-01-26T23:32:11+00:00\",\"inLanguage\":\"pt-PT\",\"potentialAction\":[{\"@type\":\"ReadAction\",\"target\":[\"https:\/\/maezano.com.br\/blog\/sobre\/\"]}]}]}<\/script>\n<!-- \/ Yoast SEO plugin. -->","_links":{"self":[{"href":"https:\/\/maezano.com.br\/blog\/wp-json\/wp\/v2\/pages\/97"}],"collection":[{"href":"https:\/\/maezano.com.br\/blog\/wp-json\/wp\/v2\/pages"}],"about":[{"href":"https:\/\/maezano.com.br\/blog\/wp-json\/wp\/v2\/types\/page"}],"author":[{"embeddable":true,"href":"https:\/\/maezano.com.br\/blog\/wp-json\/wp\/v2\/users\/1"}],"replies":[{"embeddable":true,"href":"https:\/\/maezano.com.br\/blog\/wp-json\/wp\/v2\/comments?post=97"}],"version-history":[{"count":2,"href":"https:\/\/maezano.com.br\/blog\/wp-json\/wp\/v2\/pages\/97\/revisions"}],"predecessor-version":[{"id":100,"href":"https:\/\/maezano.com.br\/blog\/wp-json\/wp\/v2\/pages\/97\/revisions\/100"}],"wp:attachment":[{"href":"https:\/\/maezano.com.br\/blog\/wp-json\/wp\/v2\/media?parent=97"}],"curies":[{"name":"wp","href":"https:\/\/api.w.org\/{rel}","templated":true}]}}