{"id":101,"date":"2019-01-26T21:45:01","date_gmt":"2019-01-26T23:45:01","guid":{"rendered":"http:\/\/maezano.com.br\/blog\/?page_id=101"},"modified":"2019-02-19T20:43:46","modified_gmt":"2019-02-19T23:43:46","slug":"descricao","status":"publish","type":"page","link":"https:\/\/maezano.com.br\/blog\/descricao\/","title":{"rendered":"Descri\u00e7\u00e3o"},"content":{"rendered":"\t\t<div data-elementor-type=\"wp-post\" data-elementor-id=\"101\" class=\"elementor elementor-101 elementor-bc-flex-widget\" data-elementor-settings=\"[]\">\n\t\t\t\t\t\t<div class=\"elementor-inner\">\n\t\t\t\t\t\t\t<div class=\"elementor-section-wrap\">\n\t\t\t\t\t\t\t<section class=\"elementor-section elementor-top-section elementor-element elementor-element-12d31a21 elementor-section-boxed elementor-section-height-default elementor-section-height-default\" data-id=\"12d31a21\" data-element_type=\"section\">\n\t\t\t\t\t\t<div class=\"elementor-container elementor-column-gap-default\">\n\t\t\t\t\t\t\t<div class=\"elementor-row\">\n\t\t\t\t\t<div class=\"elementor-column elementor-col-100 elementor-top-column elementor-element elementor-element-1d22f81e\" data-id=\"1d22f81e\" data-element_type=\"column\">\n\t\t\t<div class=\"elementor-column-wrap elementor-element-populated\">\n\t\t\t\t\t\t\t<div class=\"elementor-widget-wrap\">\n\t\t\t\t\t\t<div class=\"elementor-element elementor-element-3dffbc7b elementor-widget elementor-widget-text-editor\" data-id=\"3dffbc7b\" data-element_type=\"widget\" data-widget_type=\"text-editor.default\">\n\t\t\t\t<div class=\"elementor-widget-container\">\n\t\t\t\t\t<div class=\"elementor-text-editor elementor-clearfix\"><p><!-- wp:paragraph --><\/p>\n<p>Este \u00e9 um Site pertencente a Maezano Cursos e Treinamentos que tem o objetivo de postar algumas dicas. truques e caracter\u00edsticas do software TQS, inicialmente para concreto armado.<\/p>\n<p><!-- \/wp:paragraph --><\/p>\n<p><!-- wp:paragraph --><\/p>\n<p>N\u00e3o tenho a pretens\u00e3o de substituir o Suporte &#8211; TQS, o qual gerenciei por aproximadamente 10 anos.<\/p>\n<p><!-- \/wp:paragraph --><\/p>\n<p><!-- wp:paragraph --><\/p>\n<p>Se tiver alguma d\u00favida mais espec\u00edfica sobre o assunto postado,\u00a0voc\u00ea pode entrar em contato com o Suporte- TQS atrav\u00e9s do e-mail: suporte@tqs.com.br ou telefone +55 11 3883-2722. N\u00e3o precisa ter uma c\u00f3pia registrada em seu nome, apenas diga que foi indicado atrav\u00e9s do meu blog.<\/p>\n<p><!-- \/wp:paragraph --><\/p>\n<p><!-- wp:paragraph --><\/p>\n<p>\u00c9 claro\u00a0que coment\u00e1rios\u00a0e d\u00favidas sobre as postagens s\u00e3o bem vindos!<\/p>\n<p><!-- \/wp:paragraph --><\/p>\n<p><!-- wp:paragraph --><\/p>\n<p>Outras fontes de informa\u00e7\u00e3o:<\/p>\n<p><!-- \/wp:paragraph --><\/p>\n<p><!-- wp:paragraph --><\/p>\n<p><a href=\"http:\/\/www.tqs.com.br\/suporte-e-servicos\/biblioteca-digital-tqs\">Biblioteca Digital TQS<\/a><\/p>\n<p><!-- \/wp:paragraph --><\/p>\n<p><!-- wp:paragraph --><\/p>\n<p><a href=\"http:\/\/docs.tqs.com.br\/\">TQS Docs<\/a><\/p>\n<p><!-- \/wp:paragraph --><\/p>\n<p><!-- wp:paragraph --><\/p>\n<p>Pacotes Gratuitos do TQS:<\/p>\n<p><!-- \/wp:paragraph --><\/p>\n<p><!-- wp:paragraph --><\/p>\n<p><a href=\"https:\/\/store.tqs.com.br\/systems\/tqs-avaliacao-gratuita\/a3jl66mpqc\">Avalia\u00e7\u00e3o Gratuita<\/a><\/p>\n<p><!-- \/wp:paragraph --><\/p>\n<p><!-- wp:paragraph --><\/p>\n<p><a href=\"https:\/\/store.tqs.com.br\/systems\/tqs-estudante\/kd04pfvhi1\">Estudante<\/a><\/p>\n<p><!-- \/wp:paragraph --><\/p>\n<p><!-- wp:paragraph --><\/p>\n<p>Gostaria de esclarecer que este blog n\u00e3o \u00e9 da TQS Inform\u00e1tica e eu n\u00e3o tenho v\u00ednculos empregat\u00edcios com a TQS. Estou criando este blog somente como uma forma de disseminar meus conhecimentos sobre este poderoso software.<\/p>\n<p>Se voc\u00ea desejar alguma assessoria, treinamento, curso ou mesmo ajuda na utiliza\u00e7\u00e3o do TQS ou em projetos estuturais, entre em contato comigo: <a href=\"mailto:herbert@maezano.com.br\">herbert@maezano.com.br<\/a>.<span style=\"font-size: 16px; letter-spacing: 0.05em;\">\u00a0<\/span><\/p>\n<p><!-- \/wp:paragraph --><\/p><\/div>\n\t\t\t\t<\/div>\n\t\t\t\t<\/div>\n\t\t\t\t\t\t<\/div>\n\t\t\t\t\t<\/div>\n\t\t<\/div>\n\t\t\t\t\t\t\t\t<\/div>\n\t\t\t\t\t<\/div>\n\t\t<\/section>\n\t\t\t\t\t\t<\/div>\n\t\t\t\t\t\t<\/div>\n\t\t\t\t\t<\/div>\n\t\t","protected":false},"excerpt":{"rendered":"<p>Este \u00e9 um Site pertencente a Maezano Cursos e Treinamentos que tem o objetivo de postar algumas dicas. truques e caracter\u00edsticas do software TQS, inicialmente para concreto armado. N\u00e3o tenho a pretens\u00e3o de substituir o Suporte &#8211; TQS, o qual gerenciei por aproximadamente 10 anos. Se tiver alguma d\u00favida mais espec\u00edfica sobre o assunto postado,\u00a0voc\u00ea&#8230;<\/p>\n","protected":false},"author":1,"featured_media":0,"parent":0,"menu_order":0,"comment_status":"closed","ping_status":"closed","template":"","meta":[],"yoast_head":"<!-- This site is optimized with the Yoast SEO plugin v15.2.1 - https:\/\/yoast.com\/wordpress\/plugins\/seo\/ -->\n<title>Descri\u00e7\u00e3o - Blog do herbert<\/title>\n<meta name=\"robots\" content=\"index, follow, max-snippet:-1, max-image-preview:large, max-video-preview:-1\" \/>\n<link rel=\"canonical\" href=\"https:\/\/maezano.com.br\/blog\/descricao\/\" \/>\n<meta property=\"og:locale\" content=\"pt_PT\" \/>\n<meta property=\"og:type\" content=\"article\" \/>\n<meta property=\"og:title\" content=\"Descri\u00e7\u00e3o - Blog do herbert\" \/>\n<meta property=\"og:description\" content=\"Este \u00e9 um Site pertencente a Maezano Cursos e Treinamentos que tem o objetivo de postar algumas dicas. truques e caracter\u00edsticas do software TQS, inicialmente para concreto armado. N\u00e3o tenho a pretens\u00e3o de substituir o Suporte &#8211; TQS, o qual gerenciei por aproximadamente 10 anos. Se tiver alguma d\u00favida mais espec\u00edfica sobre o assunto postado,\u00a0voc\u00ea...\" \/>\n<meta property=\"og:url\" content=\"https:\/\/maezano.com.br\/blog\/descricao\/\" \/>\n<meta property=\"og:site_name\" content=\"Blog do herbert\" \/>\n<meta property=\"article:modified_time\" content=\"2019-02-19T23:43:46+00:00\" \/>\n<meta name=\"twitter:card\" content=\"summary_large_image\" \/>\n<meta name=\"twitter:label1\" content=\"Written by\">\n\t<meta name=\"twitter:data1\" content=\"herbert\">\n\t<meta name=\"twitter:label2\" content=\"Est. reading time\">\n\t<meta name=\"twitter:data2\" content=\"1 minuto\">\n<script type=\"application\/ld+json\" class=\"yoast-schema-graph\">{\"@context\":\"https:\/\/schema.org\",\"@graph\":[{\"@type\":\"WebSite\",\"@id\":\"https:\/\/maezano.com.br\/blog\/#website\",\"url\":\"https:\/\/maezano.com.br\/blog\/\",\"name\":\"Blog do herbert\",\"description\":\"Dicas e Truques\",\"potentialAction\":[{\"@type\":\"SearchAction\",\"target\":\"https:\/\/maezano.com.br\/blog\/?s={search_term_string}\",\"query-input\":\"required name=search_term_string\"}],\"inLanguage\":\"pt-PT\"},{\"@type\":\"WebPage\",\"@id\":\"https:\/\/maezano.com.br\/blog\/descricao\/#webpage\",\"url\":\"https:\/\/maezano.com.br\/blog\/descricao\/\",\"name\":\"Descri\\u00e7\\u00e3o - Blog do herbert\",\"isPartOf\":{\"@id\":\"https:\/\/maezano.com.br\/blog\/#website\"},\"datePublished\":\"2019-01-26T23:45:01+00:00\",\"dateModified\":\"2019-02-19T23:43:46+00:00\",\"inLanguage\":\"pt-PT\",\"potentialAction\":[{\"@type\":\"ReadAction\",\"target\":[\"https:\/\/maezano.com.br\/blog\/descricao\/\"]}]}]}<\/script>\n<!-- \/ Yoast SEO plugin. -->","_links":{"self":[{"href":"https:\/\/maezano.com.br\/blog\/wp-json\/wp\/v2\/pages\/101"}],"collection":[{"href":"https:\/\/maezano.com.br\/blog\/wp-json\/wp\/v2\/pages"}],"about":[{"href":"https:\/\/maezano.com.br\/blog\/wp-json\/wp\/v2\/types\/page"}],"author":[{"embeddable":true,"href":"https:\/\/maezano.com.br\/blog\/wp-json\/wp\/v2\/users\/1"}],"replies":[{"embeddable":true,"href":"https:\/\/maezano.com.br\/blog\/wp-json\/wp\/v2\/comments?post=101"}],"version-history":[{"count":6,"href":"https:\/\/maezano.com.br\/blog\/wp-json\/wp\/v2\/pages\/101\/revisions"}],"predecessor-version":[{"id":160,"href":"https:\/\/maezano.com.br\/blog\/wp-json\/wp\/v2\/pages\/101\/revisions\/160"}],"wp:attachment":[{"href":"https:\/\/maezano.com.br\/blog\/wp-json\/wp\/v2\/media?parent=101"}],"curies":[{"name":"wp","href":"https:\/\/api.w.org\/{rel}","templated":true}]}}